{"id":61362,"date":"2023-09-27T11:09:16","date_gmt":"2023-09-27T04:09:16","guid":{"rendered":"https:\/\/www.papmall.com\/product\/sofa-vai-bac-au-hoang-gia\/"},"modified":"2023-09-27T11:09:16","modified_gmt":"2023-09-27T04:09:16","slug":"sofa-vai-bac-au-hoang-gia","status":"publish","type":"product","link":"https:\/\/www.papmall.com\/vi\/shop\/hang-hoa\/nha-cua-doi-song\/sofa-vai-bac-au-hoang-gia\/","title":{"rendered":"ROYAL NORDIC FABRIC SOFA"},"content":{"rendered":"<p><a href=\"https:\/\/noithatgiangdong.com\/\">NOITHATGIANGDONG<\/a>\u00a0\u0111\u00e3 tung ra th\u1ecb tr\u01b0\u1eddng d\u00f2ng s\u1ea3n ph\u1ea9m \u201d<em><strong>Sofa n\u1ec9 ki\u1ec3u B\u1eafc \u00c2u S780<\/strong>\u201d. <\/em>H\u00e3y qu\u00ean \u0111i nh\u1eefng chi\u1ebfc gh\u1ebf sofa th\u00f4ng th\u01b0\u1eddng- c\u00e1i m\u00e0 kh\u00f4ng mang \u0111\u1ebfn cho b\u1ea1n c\u1ea3m gi\u00e1c tho\u1ea3i m\u00e1i hay \u00eam \u00e1i. Thay v\u00e0o \u0111\u00f3, t\u1ea1i sao b\u1ea1n kh\u00f4ng th\u1eed d\u00e0nh ch\u00fat th\u1eddi gian \u0111\u1ec3 ng\u1eafm nh\u00ecn v\u00e0 c\u1ea3m nh\u1eadn nh\u1eefng chi\u1ebfc \u201dSofa n\u1ec9\u201d m\u00e0 Dreamhouse mang t\u1edbi.<\/p>\n","protected":false},"excerpt":{"rendered":"<p><a style=\"border: 0px;margin: 0px 0px 0px 10px;padding: 0px;vertical-align: baseline;cursor: pointer;font-family: Roboto, Arial, Helvetica, sans-serif;font-size: 14px;letter-spacing: 0.5px\" href=\"https:\/\/noithatgiangdong.com\/product-tag\/mau-sofa-dep\/\" rel=\"tag\">M\u1eabu sofa \u0111\u1eb9p<\/a><span style=\"font-family: Roboto, Arial, Helvetica, sans-serif;font-size: 14px;letter-spacing: 0.5px\">,\u00a0<\/span><a style=\"border: 0px;margin: 0px;padding: 0px;vertical-align: baseline;cursor: pointer;font-family: Roboto, Arial, Helvetica, sans-serif;font-size: 14px;letter-spacing: 0.5px\" href=\"https:\/\/noithatgiangdong.com\/product-tag\/sofa-2023\/\" rel=\"tag\">sofa 2023<\/a><span style=\"font-family: Roboto, Arial, Helvetica, sans-serif;font-size: 14px;letter-spacing: 0.5px\">,\u00a0<\/span><a style=\"border: 0px;margin: 0px;padding: 0px;vertical-align: baseline;cursor: pointer;font-family: Roboto, Arial, Helvetica, sans-serif;font-size: 14px;letter-spacing: 0.5px\" href=\"https:\/\/noithatgiangdong.com\/product-tag\/sofa-co-dien\/\" rel=\"tag\">sofa c\u1ed5 \u0111i\u1ec3n<\/a><span style=\"font-family: Roboto, Arial, Helvetica, sans-serif;font-size: 14px;letter-spacing: 0.5px\">,\u00a0<\/span><a style=\"border: 0px;margin: 0px;padding: 0px;vertical-align: baseline;cursor: pointer;font-family: Roboto, Arial, Helvetica, sans-serif;font-size: 14px;letter-spacing: 0.5px\" href=\"https:\/\/noithatgiangdong.com\/product-tag\/sofa-giuong\/\" rel=\"tag\">Sofa gi\u01b0\u1eddng<\/a><span style=\"font-family: Roboto, Arial, Helvetica, sans-serif;font-size: 14px;letter-spacing: 0.5px\">,\u00a0<\/span><a style=\"border: 0px;margin: 0px;padding: 0px;vertical-align: baseline;cursor: pointer;font-family: Roboto, Arial, Helvetica, sans-serif;font-size: 14px;letter-spacing: 0.5px\" href=\"https:\/\/noithatgiangdong.com\/product-tag\/sofa-hien-dai\/\" rel=\"tag\">sofa hi\u1ec7n \u0111\u1ea1i<\/a><span style=\"font-family: Roboto, Arial, Helvetica, sans-serif;font-size: 14px;letter-spacing: 0.5px\">,\u00a0<\/span><a style=\"border: 0px;margin: 0px;padding: 0px;vertical-align: baseline;cursor: pointer;font-family: Roboto, Arial, Helvetica, sans-serif;font-size: 14px;letter-spacing: 0.5px\" href=\"https:\/\/noithatgiangdong.com\/product-tag\/sofa-luoi\/\" rel=\"tag\">Sofa l\u01b0\u1eddi<\/a><span style=\"font-family: Roboto, Arial, Helvetica, sans-serif;font-size: 14px;letter-spacing: 0.5px\">,\u00a0<\/span><a style=\"border: 0px;margin: 0px;padding: 0px;vertical-align: baseline;cursor: pointer;font-family: Roboto, Arial, Helvetica, sans-serif;font-size: 14px;letter-spacing: 0.5px\" href=\"https:\/\/noithatgiangdong.com\/product-tag\/sofa-moi\/\" rel=\"tag\">sofa m\u1edbi<\/a><span style=\"font-family: Roboto, Arial, Helvetica, sans-serif;font-size: 14px;letter-spacing: 0.5px\">,\u00a0<\/span><a style=\"border: 0px;margin: 0px;padding: 0px;vertical-align: baseline;cursor: pointer;font-family: Roboto, Arial, Helvetica, sans-serif;font-size: 14px;letter-spacing: 0.5px\" href=\"https:\/\/noithatgiangdong.com\/product-tag\/sofa-nha-be\/\" rel=\"tag\">sofa nha be<\/a><span style=\"font-family: Roboto, Arial, Helvetica, sans-serif;font-size: 14px;letter-spacing: 0.5px\">,\u00a0<\/span><a style=\"border: 0px;margin: 0px;padding: 0px;vertical-align: baseline;cursor: pointer;font-family: Roboto, Arial, Helvetica, sans-serif;font-size: 14px;letter-spacing: 0.5px\" href=\"https:\/\/noithatgiangdong.com\/product-tag\/sofa-quan-7\/\" rel=\"tag\">sofa quan 7<\/a><span style=\"font-family: Roboto, Arial, Helvetica, sans-serif;font-size: 14px;letter-spacing: 0.5px\">,\u00a0<\/span><a style=\"border: 0px;margin: 0px;padding: 0px;vertical-align: baseline;cursor: pointer;font-family: Roboto, Arial, Helvetica, sans-serif;font-size: 14px;letter-spacing: 0.5px\" href=\"https:\/\/noithatgiangdong.com\/product-tag\/sofa-quan-8\/\" rel=\"tag\">sofa quan 8<\/a><span style=\"font-family: Roboto, Arial, Helvetica, sans-serif;font-size: 14px;letter-spacing: 0.5px\">,\u00a0<\/span><a style=\"border: 0px;margin: 0px;padding: 0px;vertical-align: baseline;cursor: pointer;font-family: Roboto, Arial, Helvetica, sans-serif;font-size: 14px;letter-spacing: 0.5px\" href=\"https:\/\/noithatgiangdong.com\/product-tag\/sofa-tet\/\" rel=\"tag\">sofa t\u1ebft<\/a><\/p>\n","protected":false},"featured_media":60334,"comment_status":"open","ping_status":"closed","template":"","meta":{"inline_featured_image":false},"product_cat":[769,780,772,775,814],"product_tag":[803,804,805,806,807,808,809,810,811,812,813],"acf":[],"yoast_head":"<!-- This site is optimized with the Yoast SEO Premium plugin v21.5 (Yoast SEO v21.5) - https:\/\/yoast.com\/wordpress\/plugins\/seo\/ -->\n<title>ROYAL NORDIC FABRIC SOFA - papmall\u00ae - International E-commerce Marketplace<\/title>\n<meta name=\"robots\" content=\"index, follow, max-snippet:-1, max-image-preview:large, max-video-preview:-1\" \/>\n<link rel=\"canonical\" href=\"https:\/\/www.papmall.com\/vi\/shop\/hang-hoa\/nha-cua-doi-song\/sofa-vai-bac-au-hoang-gia\/\" \/>\n<meta property=\"og:locale\" content=\"vi_VN\" \/>\n<meta property=\"og:type\" content=\"article\" \/>\n<meta property=\"og:title\" content=\"ROYAL NORDIC FABRIC SOFA\" \/>\n<meta property=\"og:description\" content=\"M\u1eabu sofa \u0111\u1eb9p,\u00a0sofa 2023,\u00a0sofa c\u1ed5 \u0111i\u1ec3n,\u00a0Sofa gi\u01b0\u1eddng,\u00a0sofa hi\u1ec7n \u0111\u1ea1i,\u00a0Sofa l\u01b0\u1eddi,\u00a0sofa m\u1edbi,\u00a0sofa nha be,\u00a0sofa quan 7,\u00a0sofa quan 8,\u00a0sofa t\u1ebft\" \/>\n<meta property=\"og:url\" content=\"https:\/\/www.papmall.com\/vi\/shop\/hang-hoa\/nha-cua-doi-song\/sofa-vai-bac-au-hoang-gia\/\" \/>\n<meta property=\"og:site_name\" content=\"papmall\u00ae - International E-commerce Marketplace\" \/>\n<meta property=\"article:publisher\" content=\"https:\/\/www.facebook.com\/PAPMALLofficial\/\" \/>\n<meta property=\"og:image\" content=\"https:\/\/www.papmall.com\/wp-content\/uploads\/2023\/09\/sofa00284.jpg\" \/>\n\t<meta property=\"og:image:width\" content=\"800\" \/>\n\t<meta property=\"og:image:height\" content=\"800\" \/>\n\t<meta property=\"og:image:type\" content=\"image\/jpeg\" \/>\n<meta name=\"twitter:card\" content=\"summary_large_image\" \/>\n<meta name=\"twitter:site\" content=\"@papmall\" \/>\n<meta name=\"twitter:label1\" content=\"Est. reading time\" \/>\n\t<meta name=\"twitter:data1\" content=\"1 minute\" \/>\n<script type=\"application\/ld+json\" class=\"yoast-schema-graph\">{\"@context\":\"https:\/\/schema.org\",\"@graph\":[{\"@type\":\"WebPage\",\"@id\":\"https:\/\/www.papmall.com\/vi\/shop\/hang-hoa\/nha-cua-doi-song\/sofa-vai-bac-au-hoang-gia\/\",\"url\":\"https:\/\/www.papmall.com\/vi\/shop\/hang-hoa\/nha-cua-doi-song\/sofa-vai-bac-au-hoang-gia\/\",\"name\":\"ROYAL NORDIC FABRIC SOFA - papmall\u00ae - International E-commerce Marketplace\",\"isPartOf\":{\"@id\":\"https:\/\/www.papmall.com\/vi\/#website\"},\"datePublished\":\"2023-09-27T04:09:16+00:00\",\"dateModified\":\"2023-09-27T04:09:16+00:00\",\"breadcrumb\":{\"@id\":\"https:\/\/www.papmall.com\/vi\/shop\/hang-hoa\/nha-cua-doi-song\/sofa-vai-bac-au-hoang-gia\/#breadcrumb\"},\"inLanguage\":\"vi-VN\",\"potentialAction\":[{\"@type\":\"ReadAction\",\"target\":[\"https:\/\/www.papmall.com\/vi\/shop\/hang-hoa\/nha-cua-doi-song\/sofa-vai-bac-au-hoang-gia\/\"]}]},{\"@type\":\"BreadcrumbList\",\"@id\":\"https:\/\/www.papmall.com\/vi\/shop\/hang-hoa\/nha-cua-doi-song\/sofa-vai-bac-au-hoang-gia\/#breadcrumb\",\"itemListElement\":[{\"@type\":\"ListItem\",\"position\":1,\"name\":\"Trang ch\u1ee7\",\"item\":\"https:\/\/www.papmall.com\/vi\/\"},{\"@type\":\"ListItem\",\"position\":2,\"name\":\"Shop\",\"item\":\"https:\/\/www.papmall.com\/shop\/\"},{\"@type\":\"ListItem\",\"position\":3,\"name\":\"ROYAL NORDIC FABRIC SOFA\"}]},{\"@type\":\"WebSite\",\"@id\":\"https:\/\/www.papmall.com\/vi\/#website\",\"url\":\"https:\/\/www.papmall.com\/vi\/\",\"name\":\"papmall\u00ae - International E-commerce Marketplace\",\"description\":\"International E-commerce Marketplace\",\"publisher\":{\"@id\":\"https:\/\/www.papmall.com\/vi\/#organization\"},\"alternateName\":\"papmall\u00ae\",\"potentialAction\":[{\"@type\":\"SearchAction\",\"target\":{\"@type\":\"EntryPoint\",\"urlTemplate\":\"https:\/\/www.papmall.com\/vi\/?s={search_term_string}\"},\"query-input\":\"required name=search_term_string\"}],\"inLanguage\":\"vi-VN\"},{\"@type\":\"Organization\",\"@id\":\"https:\/\/www.papmall.com\/vi\/#organization\",\"name\":\"papmall\u00ae\",\"url\":\"https:\/\/www.papmall.com\/vi\/\",\"logo\":{\"@type\":\"ImageObject\",\"inLanguage\":\"vi-VN\",\"@id\":\"https:\/\/www.papmall.com\/vi\/#\/schema\/logo\/image\/\",\"url\":\"https:\/\/www.papmall.com\/wp-content\/uploads\/2023\/04\/Logo-Papmall-1.png\",\"contentUrl\":\"https:\/\/www.papmall.com\/wp-content\/uploads\/2023\/04\/Logo-Papmall-1.png\",\"width\":186,\"height\":40,\"caption\":\"papmall\u00ae\"},\"image\":{\"@id\":\"https:\/\/www.papmall.com\/vi\/#\/schema\/logo\/image\/\"},\"sameAs\":[\"https:\/\/www.facebook.com\/PAPMALLofficial\/\",\"https:\/\/twitter.com\/papmall\",\"https:\/\/www.instagram.com\/papmall_official\/\",\"https:\/\/www.youtube.com\/channel\/UCqyI6vKzedlx5uCTxe-qGqA\",\"https:\/\/www.linkedin.com\/company\/74166652\/admin\/\",\"https:\/\/www.tiktok.com\/@papmall_company\"]}]}<\/script>\n<!-- \/ Yoast SEO Premium plugin. -->","yoast_head_json":{"title":"ROYAL NORDIC FABRIC SOFA - papmall\u00ae - International E-commerce Marketplace","robots":{"index":"index","follow":"follow","max-snippet":"max-snippet:-1","max-image-preview":"max-image-preview:large","max-video-preview":"max-video-preview:-1"},"canonical":"https:\/\/www.papmall.com\/vi\/shop\/hang-hoa\/nha-cua-doi-song\/sofa-vai-bac-au-hoang-gia\/","og_locale":"vi_VN","og_type":"article","og_title":"ROYAL NORDIC FABRIC SOFA","og_description":"M\u1eabu sofa \u0111\u1eb9p,\u00a0sofa 2023,\u00a0sofa c\u1ed5 \u0111i\u1ec3n,\u00a0Sofa gi\u01b0\u1eddng,\u00a0sofa hi\u1ec7n \u0111\u1ea1i,\u00a0Sofa l\u01b0\u1eddi,\u00a0sofa m\u1edbi,\u00a0sofa nha be,\u00a0sofa quan 7,\u00a0sofa quan 8,\u00a0sofa t\u1ebft","og_url":"https:\/\/www.papmall.com\/vi\/shop\/hang-hoa\/nha-cua-doi-song\/sofa-vai-bac-au-hoang-gia\/","og_site_name":"papmall\u00ae - International E-commerce Marketplace","article_publisher":"https:\/\/www.facebook.com\/PAPMALLofficial\/","og_image":[{"width":800,"height":800,"url":"https:\/\/www.papmall.com\/wp-content\/uploads\/2023\/09\/sofa00284.jpg","type":"image\/jpeg"}],"twitter_card":"summary_large_image","twitter_site":"@papmall","twitter_misc":{"Est. reading time":"1 minute"},"schema":{"@context":"https:\/\/schema.org","@graph":[{"@type":"WebPage","@id":"https:\/\/www.papmall.com\/vi\/shop\/hang-hoa\/nha-cua-doi-song\/sofa-vai-bac-au-hoang-gia\/","url":"https:\/\/www.papmall.com\/vi\/shop\/hang-hoa\/nha-cua-doi-song\/sofa-vai-bac-au-hoang-gia\/","name":"ROYAL NORDIC FABRIC SOFA - papmall\u00ae - International E-commerce Marketplace","isPartOf":{"@id":"https:\/\/www.papmall.com\/vi\/#website"},"datePublished":"2023-09-27T04:09:16+00:00","dateModified":"2023-09-27T04:09:16+00:00","breadcrumb":{"@id":"https:\/\/www.papmall.com\/vi\/shop\/hang-hoa\/nha-cua-doi-song\/sofa-vai-bac-au-hoang-gia\/#breadcrumb"},"inLanguage":"vi-VN","potentialAction":[{"@type":"ReadAction","target":["https:\/\/www.papmall.com\/vi\/shop\/hang-hoa\/nha-cua-doi-song\/sofa-vai-bac-au-hoang-gia\/"]}]},{"@type":"BreadcrumbList","@id":"https:\/\/www.papmall.com\/vi\/shop\/hang-hoa\/nha-cua-doi-song\/sofa-vai-bac-au-hoang-gia\/#breadcrumb","itemListElement":[{"@type":"ListItem","position":1,"name":"Trang ch\u1ee7","item":"https:\/\/www.papmall.com\/vi\/"},{"@type":"ListItem","position":2,"name":"Shop","item":"https:\/\/www.papmall.com\/shop\/"},{"@type":"ListItem","position":3,"name":"ROYAL NORDIC FABRIC SOFA"}]},{"@type":"WebSite","@id":"https:\/\/www.papmall.com\/vi\/#website","url":"https:\/\/www.papmall.com\/vi\/","name":"papmall\u00ae - International E-commerce Marketplace","description":"International E-commerce Marketplace","publisher":{"@id":"https:\/\/www.papmall.com\/vi\/#organization"},"alternateName":"papmall\u00ae","potentialAction":[{"@type":"SearchAction","target":{"@type":"EntryPoint","urlTemplate":"https:\/\/www.papmall.com\/vi\/?s={search_term_string}"},"query-input":"required name=search_term_string"}],"inLanguage":"vi-VN"},{"@type":"Organization","@id":"https:\/\/www.papmall.com\/vi\/#organization","name":"papmall\u00ae","url":"https:\/\/www.papmall.com\/vi\/","logo":{"@type":"ImageObject","inLanguage":"vi-VN","@id":"https:\/\/www.papmall.com\/vi\/#\/schema\/logo\/image\/","url":"https:\/\/www.papmall.com\/wp-content\/uploads\/2023\/04\/Logo-Papmall-1.png","contentUrl":"https:\/\/www.papmall.com\/wp-content\/uploads\/2023\/04\/Logo-Papmall-1.png","width":186,"height":40,"caption":"papmall\u00ae"},"image":{"@id":"https:\/\/www.papmall.com\/vi\/#\/schema\/logo\/image\/"},"sameAs":["https:\/\/www.facebook.com\/PAPMALLofficial\/","https:\/\/twitter.com\/papmall","https:\/\/www.instagram.com\/papmall_official\/","https:\/\/www.youtube.com\/channel\/UCqyI6vKzedlx5uCTxe-qGqA","https:\/\/www.linkedin.com\/company\/74166652\/admin\/","https:\/\/www.tiktok.com\/@papmall_company"]}]}},"_links":{"self":[{"href":"https:\/\/www.papmall.com\/vi\/wp-json\/wp\/v2\/product\/61362"}],"collection":[{"href":"https:\/\/www.papmall.com\/vi\/wp-json\/wp\/v2\/product"}],"about":[{"href":"https:\/\/www.papmall.com\/vi\/wp-json\/wp\/v2\/types\/product"}],"replies":[{"embeddable":true,"href":"https:\/\/www.papmall.com\/vi\/wp-json\/wp\/v2\/comments?post=61362"}],"version-history":[{"count":0,"href":"https:\/\/www.papmall.com\/vi\/wp-json\/wp\/v2\/product\/61362\/revisions"}],"wp:featuredmedia":[{"embeddable":true,"href":"https:\/\/www.papmall.com\/vi\/wp-json\/wp\/v2\/media\/60334"}],"wp:attachment":[{"href":"https:\/\/www.papmall.com\/vi\/wp-json\/wp\/v2\/media?parent=61362"}],"wp:term":[{"taxonomy":"product_cat","embeddable":true,"href":"https:\/\/www.papmall.com\/vi\/wp-json\/wp\/v2\/product_cat?post=61362"},{"taxonomy":"product_tag","embeddable":true,"href":"https:\/\/www.papmall.com\/vi\/wp-json\/wp\/v2\/product_tag?post=61362"}],"curies":[{"name":"wp","href":"https:\/\/api.w.org\/{rel}","templated":true}]}}