{"id":60932,"date":"2023-03-07T08:55:39","date_gmt":"2023-03-07T01:55:39","guid":{"rendered":"https:\/\/www.papmall.com\/tai-khoan-cua-toi\/"},"modified":"2024-03-12T16:45:11","modified_gmt":"2024-03-12T09:45:11","slug":"tai-khoan-cua-toi","status":"publish","type":"page","link":"https:\/\/www.papmall.com\/vi\/tai-khoan-cua-toi\/","title":{"rendered":"T\u00e0i kho\u1ea3n c\u1ee7a t\u00f4i"},"content":{"rendered":"<div class=\"woocommerce\"><\/div>\n","protected":false},"excerpt":{"rendered":"","protected":false},"author":101,"featured_media":0,"parent":0,"menu_order":0,"comment_status":"closed","ping_status":"closed","template":"","meta":{"inline_featured_image":false,"footnotes":""},"acf":[],"yoast_head":"<!-- This site is optimized with the Yoast SEO Premium plugin v21.5 (Yoast SEO v21.5) - https:\/\/yoast.com\/wordpress\/plugins\/seo\/ -->\n<title>T\u00e0i kho\u1ea3n c\u1ee7a t\u00f4i - papmall\u00ae - International E-commerce Marketplace<\/title>\n<meta name=\"description\" content=\"T\u1eeb b\u1ea3ng \u0111i\u1ec1u khi\u1ec3n t\u00e0i kho\u1ea3n c\u1ee7a m\u00ecnh, b\u1ea1n c\u00f3 th\u1ec3 xem c\u00e1c \u0111\u01a1n \u0111\u1eb7t h\u00e0ng g\u1ea7n \u0111\u00e2y, qu\u1ea3n l\u00fd \u0111\u1ecba ch\u1ec9 giao h\u00e0ng v\u00e0 thanh to\u00e1n c\u0169ng nh\u01b0 ch\u1ec9nh s\u1eeda m\u1eadt kh\u1ea9u c\u1ee7a m\u00ecnh\" \/>\n<meta name=\"robots\" content=\"index, follow, max-snippet:-1, max-image-preview:large, max-video-preview:-1\" \/>\n<link rel=\"canonical\" href=\"https:\/\/www.papmall.com\/vi\/tai-khoan-cua-toi\/\" \/>\n<meta property=\"og:locale\" content=\"vi_VN\" \/>\n<meta property=\"og:type\" content=\"article\" \/>\n<meta property=\"og:title\" content=\"T\u00e0i kho\u1ea3n c\u1ee7a t\u00f4i\" \/>\n<meta property=\"og:description\" content=\"T\u1eeb b\u1ea3ng \u0111i\u1ec1u khi\u1ec3n t\u00e0i kho\u1ea3n c\u1ee7a m\u00ecnh, b\u1ea1n c\u00f3 th\u1ec3 xem c\u00e1c \u0111\u01a1n \u0111\u1eb7t h\u00e0ng g\u1ea7n \u0111\u00e2y, qu\u1ea3n l\u00fd \u0111\u1ecba ch\u1ec9 giao h\u00e0ng v\u00e0 thanh to\u00e1n c\u0169ng nh\u01b0 ch\u1ec9nh s\u1eeda m\u1eadt kh\u1ea9u c\u1ee7a m\u00ecnh\" \/>\n<meta property=\"og:url\" content=\"https:\/\/www.papmall.com\/vi\/tai-khoan-cua-toi\/\" \/>\n<meta property=\"og:site_name\" content=\"papmall\u00ae - International E-commerce Marketplace\" \/>\n<meta property=\"article:publisher\" content=\"https:\/\/www.facebook.com\/PAPMALLofficial\/\" \/>\n<meta property=\"article:modified_time\" content=\"2024-03-12T09:45:11+00:00\" \/>\n<meta name=\"twitter:card\" content=\"summary_large_image\" \/>\n<meta name=\"twitter:site\" content=\"@papmall\" \/>\n<script type=\"application\/ld+json\" class=\"yoast-schema-graph\">{\"@context\":\"https:\/\/schema.org\",\"@graph\":[{\"@type\":\"WebPage\",\"@id\":\"https:\/\/www.papmall.com\/vi\/tai-khoan-cua-toi\/\",\"url\":\"https:\/\/www.papmall.com\/vi\/tai-khoan-cua-toi\/\",\"name\":\"T\u00e0i kho\u1ea3n c\u1ee7a t\u00f4i - papmall\u00ae - International E-commerce Marketplace\",\"isPartOf\":{\"@id\":\"https:\/\/www.papmall.com\/vi\/#website\"},\"datePublished\":\"2023-03-07T01:55:39+00:00\",\"dateModified\":\"2024-03-12T09:45:11+00:00\",\"description\":\"T\u1eeb b\u1ea3ng \u0111i\u1ec1u khi\u1ec3n t\u00e0i kho\u1ea3n c\u1ee7a m\u00ecnh, b\u1ea1n c\u00f3 th\u1ec3 xem c\u00e1c \u0111\u01a1n \u0111\u1eb7t h\u00e0ng g\u1ea7n \u0111\u00e2y, qu\u1ea3n l\u00fd \u0111\u1ecba ch\u1ec9 giao h\u00e0ng v\u00e0 thanh to\u00e1n c\u0169ng nh\u01b0 ch\u1ec9nh s\u1eeda m\u1eadt kh\u1ea9u c\u1ee7a m\u00ecnh\",\"breadcrumb\":{\"@id\":\"https:\/\/www.papmall.com\/vi\/tai-khoan-cua-toi\/#breadcrumb\"},\"inLanguage\":\"vi-VN\",\"potentialAction\":[{\"@type\":\"ReadAction\",\"target\":[\"https:\/\/www.papmall.com\/vi\/tai-khoan-cua-toi\/\"]}]},{\"@type\":\"BreadcrumbList\",\"@id\":\"https:\/\/www.papmall.com\/vi\/tai-khoan-cua-toi\/#breadcrumb\",\"itemListElement\":[{\"@type\":\"ListItem\",\"position\":1,\"name\":\"Trang ch\u1ee7\",\"item\":\"https:\/\/www.papmall.com\/vi\/\"},{\"@type\":\"ListItem\",\"position\":2,\"name\":\"T\u00e0i kho\u1ea3n c\u1ee7a t\u00f4i\"}]},{\"@type\":\"WebSite\",\"@id\":\"https:\/\/www.papmall.com\/vi\/#website\",\"url\":\"https:\/\/www.papmall.com\/vi\/\",\"name\":\"papmall\u00ae - International E-commerce Marketplace\",\"description\":\"International E-commerce Marketplace\",\"publisher\":{\"@id\":\"https:\/\/www.papmall.com\/vi\/#organization\"},\"alternateName\":\"papmall\u00ae\",\"potentialAction\":[{\"@type\":\"SearchAction\",\"target\":{\"@type\":\"EntryPoint\",\"urlTemplate\":\"https:\/\/www.papmall.com\/vi\/?s={search_term_string}\"},\"query-input\":\"required name=search_term_string\"}],\"inLanguage\":\"vi-VN\"},{\"@type\":\"Organization\",\"@id\":\"https:\/\/www.papmall.com\/vi\/#organization\",\"name\":\"papmall\u00ae\",\"url\":\"https:\/\/www.papmall.com\/vi\/\",\"logo\":{\"@type\":\"ImageObject\",\"inLanguage\":\"vi-VN\",\"@id\":\"https:\/\/www.papmall.com\/vi\/#\/schema\/logo\/image\/\",\"url\":\"https:\/\/www.papmall.com\/wp-content\/uploads\/2023\/04\/Logo-Papmall-1.png\",\"contentUrl\":\"https:\/\/www.papmall.com\/wp-content\/uploads\/2023\/04\/Logo-Papmall-1.png\",\"width\":186,\"height\":40,\"caption\":\"papmall\u00ae\"},\"image\":{\"@id\":\"https:\/\/www.papmall.com\/vi\/#\/schema\/logo\/image\/\"},\"sameAs\":[\"https:\/\/www.facebook.com\/PAPMALLofficial\/\",\"https:\/\/twitter.com\/papmall\",\"https:\/\/www.instagram.com\/papmall_official\/\",\"https:\/\/www.youtube.com\/channel\/UCqyI6vKzedlx5uCTxe-qGqA\",\"https:\/\/www.linkedin.com\/company\/74166652\/admin\/\",\"https:\/\/www.tiktok.com\/@papmall_company\"]}]}<\/script>\n<!-- \/ Yoast SEO Premium plugin. -->","yoast_head_json":{"title":"T\u00e0i kho\u1ea3n c\u1ee7a t\u00f4i - papmall\u00ae - International E-commerce Marketplace","description":"T\u1eeb b\u1ea3ng \u0111i\u1ec1u khi\u1ec3n t\u00e0i kho\u1ea3n c\u1ee7a m\u00ecnh, b\u1ea1n c\u00f3 th\u1ec3 xem c\u00e1c \u0111\u01a1n \u0111\u1eb7t h\u00e0ng g\u1ea7n \u0111\u00e2y, qu\u1ea3n l\u00fd \u0111\u1ecba ch\u1ec9 giao h\u00e0ng v\u00e0 thanh to\u00e1n c\u0169ng nh\u01b0 ch\u1ec9nh s\u1eeda m\u1eadt kh\u1ea9u c\u1ee7a m\u00ecnh","robots":{"index":"index","follow":"follow","max-snippet":"max-snippet:-1","max-image-preview":"max-image-preview:large","max-video-preview":"max-video-preview:-1"},"canonical":"https:\/\/www.papmall.com\/vi\/tai-khoan-cua-toi\/","og_locale":"vi_VN","og_type":"article","og_title":"T\u00e0i kho\u1ea3n c\u1ee7a t\u00f4i","og_description":"T\u1eeb b\u1ea3ng \u0111i\u1ec1u khi\u1ec3n t\u00e0i kho\u1ea3n c\u1ee7a m\u00ecnh, b\u1ea1n c\u00f3 th\u1ec3 xem c\u00e1c \u0111\u01a1n \u0111\u1eb7t h\u00e0ng g\u1ea7n \u0111\u00e2y, qu\u1ea3n l\u00fd \u0111\u1ecba ch\u1ec9 giao h\u00e0ng v\u00e0 thanh to\u00e1n c\u0169ng nh\u01b0 ch\u1ec9nh s\u1eeda m\u1eadt kh\u1ea9u c\u1ee7a m\u00ecnh","og_url":"https:\/\/www.papmall.com\/vi\/tai-khoan-cua-toi\/","og_site_name":"papmall\u00ae - International E-commerce Marketplace","article_publisher":"https:\/\/www.facebook.com\/PAPMALLofficial\/","article_modified_time":"2024-03-12T09:45:11+00:00","twitter_card":"summary_large_image","twitter_site":"@papmall","schema":{"@context":"https:\/\/schema.org","@graph":[{"@type":"WebPage","@id":"https:\/\/www.papmall.com\/vi\/tai-khoan-cua-toi\/","url":"https:\/\/www.papmall.com\/vi\/tai-khoan-cua-toi\/","name":"T\u00e0i kho\u1ea3n c\u1ee7a t\u00f4i - papmall\u00ae - International E-commerce Marketplace","isPartOf":{"@id":"https:\/\/www.papmall.com\/vi\/#website"},"datePublished":"2023-03-07T01:55:39+00:00","dateModified":"2024-03-12T09:45:11+00:00","description":"T\u1eeb b\u1ea3ng \u0111i\u1ec1u khi\u1ec3n t\u00e0i kho\u1ea3n c\u1ee7a m\u00ecnh, b\u1ea1n c\u00f3 th\u1ec3 xem c\u00e1c \u0111\u01a1n \u0111\u1eb7t h\u00e0ng g\u1ea7n \u0111\u00e2y, qu\u1ea3n l\u00fd \u0111\u1ecba ch\u1ec9 giao h\u00e0ng v\u00e0 thanh to\u00e1n c\u0169ng nh\u01b0 ch\u1ec9nh s\u1eeda m\u1eadt kh\u1ea9u c\u1ee7a m\u00ecnh","breadcrumb":{"@id":"https:\/\/www.papmall.com\/vi\/tai-khoan-cua-toi\/#breadcrumb"},"inLanguage":"vi-VN","potentialAction":[{"@type":"ReadAction","target":["https:\/\/www.papmall.com\/vi\/tai-khoan-cua-toi\/"]}]},{"@type":"BreadcrumbList","@id":"https:\/\/www.papmall.com\/vi\/tai-khoan-cua-toi\/#breadcrumb","itemListElement":[{"@type":"ListItem","position":1,"name":"Trang ch\u1ee7","item":"https:\/\/www.papmall.com\/vi\/"},{"@type":"ListItem","position":2,"name":"T\u00e0i kho\u1ea3n c\u1ee7a t\u00f4i"}]},{"@type":"WebSite","@id":"https:\/\/www.papmall.com\/vi\/#website","url":"https:\/\/www.papmall.com\/vi\/","name":"papmall\u00ae - International E-commerce Marketplace","description":"International E-commerce Marketplace","publisher":{"@id":"https:\/\/www.papmall.com\/vi\/#organization"},"alternateName":"papmall\u00ae","potentialAction":[{"@type":"SearchAction","target":{"@type":"EntryPoint","urlTemplate":"https:\/\/www.papmall.com\/vi\/?s={search_term_string}"},"query-input":"required name=search_term_string"}],"inLanguage":"vi-VN"},{"@type":"Organization","@id":"https:\/\/www.papmall.com\/vi\/#organization","name":"papmall\u00ae","url":"https:\/\/www.papmall.com\/vi\/","logo":{"@type":"ImageObject","inLanguage":"vi-VN","@id":"https:\/\/www.papmall.com\/vi\/#\/schema\/logo\/image\/","url":"https:\/\/www.papmall.com\/wp-content\/uploads\/2023\/04\/Logo-Papmall-1.png","contentUrl":"https:\/\/www.papmall.com\/wp-content\/uploads\/2023\/04\/Logo-Papmall-1.png","width":186,"height":40,"caption":"papmall\u00ae"},"image":{"@id":"https:\/\/www.papmall.com\/vi\/#\/schema\/logo\/image\/"},"sameAs":["https:\/\/www.facebook.com\/PAPMALLofficial\/","https:\/\/twitter.com\/papmall","https:\/\/www.instagram.com\/papmall_official\/","https:\/\/www.youtube.com\/channel\/UCqyI6vKzedlx5uCTxe-qGqA","https:\/\/www.linkedin.com\/company\/74166652\/admin\/","https:\/\/www.tiktok.com\/@papmall_company"]}]}},"_links":{"self":[{"href":"https:\/\/www.papmall.com\/vi\/wp-json\/wp\/v2\/pages\/60932"}],"collection":[{"href":"https:\/\/www.papmall.com\/vi\/wp-json\/wp\/v2\/pages"}],"about":[{"href":"https:\/\/www.papmall.com\/vi\/wp-json\/wp\/v2\/types\/page"}],"author":[{"embeddable":true,"href":"https:\/\/www.papmall.com\/vi\/wp-json\/wp\/v2\/users\/101"}],"replies":[{"embeddable":true,"href":"https:\/\/www.papmall.com\/vi\/wp-json\/wp\/v2\/comments?post=60932"}],"version-history":[{"count":1,"href":"https:\/\/www.papmall.com\/vi\/wp-json\/wp\/v2\/pages\/60932\/revisions"}],"predecessor-version":[{"id":60934,"href":"https:\/\/www.papmall.com\/vi\/wp-json\/wp\/v2\/pages\/60932\/revisions\/60934"}],"wp:attachment":[{"href":"https:\/\/www.papmall.com\/vi\/wp-json\/wp\/v2\/media?parent=60932"}],"curies":[{"name":"wp","href":"https:\/\/api.w.org\/{rel}","templated":true}]}}