{"id":63006,"date":"2023-09-15T14:36:20","date_gmt":"2023-09-15T07:36:20","guid":{"rendered":"https:\/\/www.papmall.com\/shop\/uncategorized\/cuu-bong\/"},"modified":"2023-09-15T14:36:20","modified_gmt":"2023-09-15T07:36:20","slug":"cuu-bong","status":"publish","type":"product","link":"https:\/\/www.papmall.com\/hk\/shop\/goods\/home-living\/cuu-bong\/","title":{"rendered":"C\u1eebu B\u00f4ng"},"content":{"rendered":"<p>K\u00edch th\u01b0\u1edbc: 20-25cm<\/p>\n<p>Tr\u1ecdng l\u01b0\u1ee3ng: 250gram<\/p>\n<p>G\u1ea5u b\u00f4ng cao c\u1ea5p h\u00e0ng th\u1ee7 c\u00f4ng m\u00f3c v\u00e0 kh\u00e2u tay 100% &#8211; v\u00f4 c\u00f9ng d\u1ec5 th\u01b0\u01a1ng v\u00e0 \u0111\u00e1ng y\u00eau n\u00e0y \u0111\u01b0\u1ee3c l\u00e0m t\u1eeb s\u1ee3i len cotton cao c\u1ea5p, an to\u00e0n tuy\u1ec7t \u0111\u1ed1i cho b\u00e9.<\/p>\n<p>Kh\u00e1c h\u1eb3n v\u1edbi c\u00e1c s\u1ea3n ph\u1ea9m g\u1ea5u b\u00f4ng th\u00f4ng th\u01b0\u1eddng, g\u1ea5u b\u00f4ng handmade cao c\u1ea5p l\u00e0 g\u1ea5u b\u00f4ng \u0111\u01b0\u1ee3c l\u00e0m ho\u00e0n to\u00e0n b\u1eb1ng tay v\u1edbi k\u1ef9 thu\u1eadt m\u00f3c len \u0111i\u00eau luy\u1ec7n v\u00e0 y\u00eau ngh\u1ec1 t\u1eeb nh\u1eefng ng\u01b0\u1eddi th\u1ee3 th\u1ee7 c\u00f4ng Vi\u1ec7t Nam tay ngh\u1ec1 cao \u2013 s\u1ee3i len \u0111\u01b0\u1ee3c m\u00f3c th\u00e0nh h\u00ecnh nh\u1eefng con th\u00fa ng\u1ed9 ngh\u0129nh, d\u1ec5 th\u01b0\u01a1ng v\u00e0 b\u00ean trong \u0111\u01b0\u1ee3c nh\u1ed3i b\u00f4ng m\u1ec1m m\u1ea1i, \u1ea5m \u00e1p.<\/p>\n<p>C\u00e1c b\u00e9 s\u1ebd c\u00f3 m\u1ed9t m\u00f3n \u0111\u1ed3 ch\u01a1i th\u00fa b\u00f4ng v\u00f4 c\u00f9ng \u0111\u00e1ng y\u00eau v\u00e0 quan tr\u1ecdng h\u01a1n c\u1ea3 l\u00e0 c\u00e1c m\u1eb9 ho\u00e0n to\u00e0n y\u00ean t\u00e2m v\u1ec1 s\u1ef1 an to\u00e0n c\u1ee7a s\u1ea3n ph\u1ea9m th\u00fa b\u00f4ng handmade t\u1ea1i nh\u00e0 Nana<\/p>\n<p>Ngo\u00e0i ra th\u00fa b\u00f4ng cao c\u1ea5p b\u1eb1ng len c\u00f2n ph\u00f9 h\u1ee3p l\u00e0m qu\u00e0 t\u1eb7ng th\u00f4i n\u00f4i, qu\u00e0 t\u1eb7ng 1\/6, qu\u00e0 t\u1eb7ng trung thu cho b\u00e9, qu\u00e0 t\u1eb7ng b\u1ea1n g\u00e1i, trang tr\u00ed nh\u00e0 c\u1eeda<\/p>\n<p>H\u00e0ng th\u1ee7 c\u00f4ng cao c\u1ea5p.<\/p>\n<p>Nguy\u00ean li\u1ec7u: s\u1ee3i len cotton YarnArt Jeans Th\u1ed5 Nh\u0129 K\u1ef3<\/p>\n<p>\u1ea2nh t\u1ef1 ch\u1ee5p t\u1ea1i shop<\/p>\n<p>Nh\u1eefng l\u01b0u \u00fd khi gi\u1eb7t s\u1ea3n ph\u1ea9m:<\/p>\n<p>* Gi\u1eb7t tay:<\/p>\n<p>1- Ng\u00e2m g\u1ea5u b\u00f4ng trong n\u01b0\u1edbc gi\u1eb7t (kh\u00f4ng d\u00f9ng b\u1ed9t gi\u1eb7t, kh\u00f4ng d\u00f9ng h\u00f3a ch\u1ea5t t\u1ea9y) t\u1eeb 25 &#8211; 30 ph\u00fat<\/p>\n<p>2- Khi gi\u1eb7t kh\u00f4ng ch\u00e0 x\u00e1t m\u1ea1nh, ch\u1ec9 b\u00f3p nh\u1eb9 \u0111\u1ec3 tr\u00e1nh t\u00ecnh tr\u1ea1ng x\u00f9 len hay bi\u1ebfn d\u1ea1ng th\u00fa len.<\/p>\n<p>3- X\u1ea3 s\u1ea1ch l\u1ea1i v\u1edbi n\u01b0\u1edbc, b\u00f3p nh\u1eb9 \u0111\u1ec3 g\u1ea5u b\u00f4ng r\u00e1o n\u01b0\u1edbc<\/p>\n<p>4- Khi ph\u01a1i tr\u00e1nh \u00e1nh n\u1eafng tr\u1ef1c ti\u1ebfp, c\u1ea7n ph\u01a1i g\u1ea5u b\u00f4ng tr\u00ean m\u1ed9t b\u1ec1 m\u1eb7t ph\u1eb3ng, kh\u00f4ng treo s\u1ebd l\u00e0m d\u00e3o s\u1ee3i len<\/p>\n<p>* Gi\u1eb7t m\u00e1y:<\/p>\n<p>Cho g\u1ea5u b\u00f4ng v\u00e0o t\u00fai gi\u1eb7t, ch\u1ecdn ch\u1ebf \u0111\u1ed9 gi\u1eb7t len v\u1edbi nhi\u1ec7t \u0111\u1ed9 n\u01b0\u1edbc t\u1eeb 25 &#8211; 30 \u0111\u1ed9.<\/p>\n<p>Khi ph\u01a1i tr\u00e1nh \u00e1nh n\u1eafng tr\u1ef1c ti\u1ebfp, c\u1ea7n ph\u01a1i g\u1ea5u b\u00f4ng tr\u00ean m\u1ed9t b\u1ec1 m\u1eb7t ph\u1eb3ng, kh\u00f4ng treo s\u1ebd l\u00e0m d\u00e3o s\u1ee3i len<\/p>\n","protected":false},"excerpt":{"rendered":"<p><img decoding=\"async\" class=\"alignnone size-medium wp-image-27211\" src=\"https:\/\/www.papmall.com\/wp-content\/uploads\/2023\/09\/z4690606804603_19744a918adbafac6f44b08fc28eb345-225x300.jpg\" alt=\"\" width=\"225\" height=\"300\" data-mce-src=\"https:\/\/www.papmall.com\/wp-content\/uploads\/2023\/09\/z4690606804603_19744a918adbafac6f44b08fc28eb345-225x300.jpg\" srcset=\"https:\/\/www.papmall.com\/wp-content\/uploads\/2023\/09\/z4690606804603_19744a918adbafac6f44b08fc28eb345-225x300.jpg 225w, https:\/\/www.papmall.com\/wp-content\/uploads\/2023\/09\/z4690606804603_19744a918adbafac6f44b08fc28eb345-600x800.jpg 600w, https:\/\/www.papmall.com\/wp-content\/uploads\/2023\/09\/z4690606804603_19744a918adbafac6f44b08fc28eb345-768x1024.jpg 768w, https:\/\/www.papmall.com\/wp-content\/uploads\/2023\/09\/z4690606804603_19744a918adbafac6f44b08fc28eb345-1152x1536.jpg 1152w, https:\/\/www.papmall.com\/wp-content\/uploads\/2023\/09\/z4690606804603_19744a918adbafac6f44b08fc28eb345-1536x2048.jpg 1536w, https:\/\/www.papmall.com\/wp-content\/uploads\/2023\/09\/z4690606804603_19744a918adbafac6f44b08fc28eb345-1200x1600.jpg 1200w, https:\/\/www.papmall.com\/wp-content\/uploads\/2023\/09\/z4690606804603_19744a918adbafac6f44b08fc28eb345-150x200.jpg 150w, https:\/\/www.papmall.com\/wp-content\/uploads\/2023\/09\/z4690606804603_19744a918adbafac6f44b08fc28eb345.jpg 1920w\" sizes=\"(max-width: 225px) 100vw, 225px\" \/> <img decoding=\"async\" class=\"alignnone size-medium wp-image-27214\" src=\"https:\/\/www.papmall.com\/wp-content\/uploads\/2023\/09\/z4690606593788_e1dd4f68c6e3e62a1fc9c86be782ada1-225x300.jpg\" alt=\"\" width=\"225\" height=\"300\" data-mce-src=\"https:\/\/www.papmall.com\/wp-content\/uploads\/2023\/09\/z4690606593788_e1dd4f68c6e3e62a1fc9c86be782ada1-225x300.jpg\" srcset=\"https:\/\/www.papmall.com\/wp-content\/uploads\/2023\/09\/z4690606593788_e1dd4f68c6e3e62a1fc9c86be782ada1-225x300.jpg 225w, https:\/\/www.papmall.com\/wp-content\/uploads\/2023\/09\/z4690606593788_e1dd4f68c6e3e62a1fc9c86be782ada1-600x800.jpg 600w, https:\/\/www.papmall.com\/wp-content\/uploads\/2023\/09\/z4690606593788_e1dd4f68c6e3e62a1fc9c86be782ada1-768x1024.jpg 768w, https:\/\/www.papmall.com\/wp-content\/uploads\/2023\/09\/z4690606593788_e1dd4f68c6e3e62a1fc9c86be782ada1-1152x1536.jpg 1152w, https:\/\/www.papmall.com\/wp-content\/uploads\/2023\/09\/z4690606593788_e1dd4f68c6e3e62a1fc9c86be782ada1-1536x2048.jpg 1536w, https:\/\/www.papmall.com\/wp-content\/uploads\/2023\/09\/z4690606593788_e1dd4f68c6e3e62a1fc9c86be782ada1-1200x1600.jpg 1200w, https:\/\/www.papmall.com\/wp-content\/uploads\/2023\/09\/z4690606593788_e1dd4f68c6e3e62a1fc9c86be782ada1-150x200.jpg 150w, https:\/\/www.papmall.com\/wp-content\/uploads\/2023\/09\/z4690606593788_e1dd4f68c6e3e62a1fc9c86be782ada1.jpg 1920w\" sizes=\"(max-width: 225px) 100vw, 225px\" \/> <img decoding=\"async\" class=\"alignnone size-medium wp-image-27215\" src=\"https:\/\/www.papmall.com\/wp-content\/uploads\/2023\/09\/z4690606380905_14fb730375a9a24eebc48b59ce7253d9-225x300.jpg\" alt=\"\" width=\"225\" height=\"300\" data-mce-src=\"https:\/\/www.papmall.com\/wp-content\/uploads\/2023\/09\/z4690606380905_14fb730375a9a24eebc48b59ce7253d9-225x300.jpg\" srcset=\"https:\/\/www.papmall.com\/wp-content\/uploads\/2023\/09\/z4690606380905_14fb730375a9a24eebc48b59ce7253d9-225x300.jpg 225w, https:\/\/www.papmall.com\/wp-content\/uploads\/2023\/09\/z4690606380905_14fb730375a9a24eebc48b59ce7253d9-600x800.jpg 600w, https:\/\/www.papmall.com\/wp-content\/uploads\/2023\/09\/z4690606380905_14fb730375a9a24eebc48b59ce7253d9-768x1024.jpg 768w, https:\/\/www.papmall.com\/wp-content\/uploads\/2023\/09\/z4690606380905_14fb730375a9a24eebc48b59ce7253d9-1152x1536.jpg 1152w, https:\/\/www.papmall.com\/wp-content\/uploads\/2023\/09\/z4690606380905_14fb730375a9a24eebc48b59ce7253d9-1536x2048.jpg 1536w, https:\/\/www.papmall.com\/wp-content\/uploads\/2023\/09\/z4690606380905_14fb730375a9a24eebc48b59ce7253d9-1200x1600.jpg 1200w, https:\/\/www.papmall.com\/wp-content\/uploads\/2023\/09\/z4690606380905_14fb730375a9a24eebc48b59ce7253d9-150x200.jpg 150w, https:\/\/www.papmall.com\/wp-content\/uploads\/2023\/09\/z4690606380905_14fb730375a9a24eebc48b59ce7253d9.jpg 1920w\" sizes=\"(max-width: 225px) 100vw, 225px\" \/> <img decoding=\"async\" class=\"alignnone size-medium wp-image-27213\" src=\"https:\/\/www.papmall.com\/wp-content\/uploads\/2023\/09\/z4690606500755_d40dd000286cf36ea3713f112845c3d9-225x300.jpg\" alt=\"\" width=\"225\" height=\"300\" data-mce-src=\"https:\/\/www.papmall.com\/wp-content\/uploads\/2023\/09\/z4690606500755_d40dd000286cf36ea3713f112845c3d9-225x300.jpg\" srcset=\"https:\/\/www.papmall.com\/wp-content\/uploads\/2023\/09\/z4690606500755_d40dd000286cf36ea3713f112845c3d9-225x300.jpg 225w, https:\/\/www.papmall.com\/wp-content\/uploads\/2023\/09\/z4690606500755_d40dd000286cf36ea3713f112845c3d9-600x800.jpg 600w, https:\/\/www.papmall.com\/wp-content\/uploads\/2023\/09\/z4690606500755_d40dd000286cf36ea3713f112845c3d9-768x1024.jpg 768w, https:\/\/www.papmall.com\/wp-content\/uploads\/2023\/09\/z4690606500755_d40dd000286cf36ea3713f112845c3d9-1152x1536.jpg 1152w, https:\/\/www.papmall.com\/wp-content\/uploads\/2023\/09\/z4690606500755_d40dd000286cf36ea3713f112845c3d9-1536x2048.jpg 1536w, https:\/\/www.papmall.com\/wp-content\/uploads\/2023\/09\/z4690606500755_d40dd000286cf36ea3713f112845c3d9-1200x1600.jpg 1200w, https:\/\/www.papmall.com\/wp-content\/uploads\/2023\/09\/z4690606500755_d40dd000286cf36ea3713f112845c3d9-150x200.jpg 150w, https:\/\/www.papmall.com\/wp-content\/uploads\/2023\/09\/z4690606500755_d40dd000286cf36ea3713f112845c3d9.jpg 1920w\" sizes=\"(max-width: 225px) 100vw, 225px\" \/> <img decoding=\"async\" class=\"alignnone size-medium wp-image-27212\" src=\"https:\/\/www.papmall.com\/wp-content\/uploads\/2023\/09\/z4690606394267_f588c4eb3a473ed5819c2d085d02e713-225x300.jpg\" alt=\"\" width=\"225\" height=\"300\" data-mce-src=\"https:\/\/www.papmall.com\/wp-content\/uploads\/2023\/09\/z4690606394267_f588c4eb3a473ed5819c2d085d02e713-225x300.jpg\" srcset=\"https:\/\/www.papmall.com\/wp-content\/uploads\/2023\/09\/z4690606394267_f588c4eb3a473ed5819c2d085d02e713-225x300.jpg 225w, https:\/\/www.papmall.com\/wp-content\/uploads\/2023\/09\/z4690606394267_f588c4eb3a473ed5819c2d085d02e713-600x800.jpg 600w, https:\/\/www.papmall.com\/wp-content\/uploads\/2023\/09\/z4690606394267_f588c4eb3a473ed5819c2d085d02e713-768x1024.jpg 768w, https:\/\/www.papmall.com\/wp-content\/uploads\/2023\/09\/z4690606394267_f588c4eb3a473ed5819c2d085d02e713-1152x1536.jpg 1152w, https:\/\/www.papmall.com\/wp-content\/uploads\/2023\/09\/z4690606394267_f588c4eb3a473ed5819c2d085d02e713-1536x2048.jpg 1536w, https:\/\/www.papmall.com\/wp-content\/uploads\/2023\/09\/z4690606394267_f588c4eb3a473ed5819c2d085d02e713-1200x1600.jpg 1200w, https:\/\/www.papmall.com\/wp-content\/uploads\/2023\/09\/z4690606394267_f588c4eb3a473ed5819c2d085d02e713-150x200.jpg 150w, https:\/\/www.papmall.com\/wp-content\/uploads\/2023\/09\/z4690606394267_f588c4eb3a473ed5819c2d085d02e713.jpg 1920w\" sizes=\"(max-width: 225px) 100vw, 225px\" \/><\/p>\n","protected":false},"featured_media":62710,"comment_status":"open","ping_status":"closed","template":"","meta":{"inline_featured_image":false},"product_cat":[995,1005],"product_tag":[],"acf":[],"yoast_head":"<!-- This site is optimized with the Yoast SEO Premium plugin v21.5 (Yoast SEO v21.5) - https:\/\/yoast.com\/wordpress\/plugins\/seo\/ -->\n<title>C\u1eebu B\u00f4ng - papmall\u00ae - International E-commerce Marketplace<\/title>\n<meta name=\"robots\" content=\"index, follow, max-snippet:-1, max-image-preview:large, max-video-preview:-1\" \/>\n<link rel=\"canonical\" href=\"https:\/\/www.papmall.com\/hk\/shop\/goods\/home-living\/cuu-bong\/\" \/>\n<meta property=\"og:locale\" content=\"en_US\" \/>\n<meta property=\"og:type\" content=\"article\" \/>\n<meta property=\"og:title\" content=\"C\u1eebu B\u00f4ng\" \/>\n<meta property=\"og:url\" content=\"https:\/\/www.papmall.com\/hk\/shop\/goods\/home-living\/cuu-bong\/\" \/>\n<meta property=\"og:site_name\" content=\"papmall\u00ae - International E-commerce Marketplace\" \/>\n<meta property=\"article:publisher\" content=\"https:\/\/www.facebook.com\/PAPMALLofficial\/\" \/>\n<meta name=\"twitter:card\" content=\"summary_large_image\" \/>\n<meta name=\"twitter:site\" content=\"@papmall\" \/>\n<meta name=\"twitter:label1\" content=\"Est. reading time\" \/>\n\t<meta name=\"twitter:data1\" content=\"3 minutes\" \/>\n<script type=\"application\/ld+json\" class=\"yoast-schema-graph\">{\"@context\":\"https:\/\/schema.org\",\"@graph\":[{\"@type\":\"WebPage\",\"@id\":\"https:\/\/www.papmall.com\/hk\/shop\/goods\/home-living\/cuu-bong\/\",\"url\":\"https:\/\/www.papmall.com\/hk\/shop\/goods\/home-living\/cuu-bong\/\",\"name\":\"C\u1eebu B\u00f4ng - papmall\u00ae - International E-commerce Marketplace\",\"isPartOf\":{\"@id\":\"https:\/\/www.papmall.com\/hk\/#website\"},\"datePublished\":\"2023-09-15T07:36:20+00:00\",\"dateModified\":\"2023-09-15T07:36:20+00:00\",\"breadcrumb\":{\"@id\":\"https:\/\/www.papmall.com\/hk\/shop\/goods\/home-living\/cuu-bong\/#breadcrumb\"},\"inLanguage\":\"en-HK\",\"potentialAction\":[{\"@type\":\"ReadAction\",\"target\":[\"https:\/\/www.papmall.com\/hk\/shop\/goods\/home-living\/cuu-bong\/\"]}]},{\"@type\":\"BreadcrumbList\",\"@id\":\"https:\/\/www.papmall.com\/hk\/shop\/goods\/home-living\/cuu-bong\/#breadcrumb\",\"itemListElement\":[{\"@type\":\"ListItem\",\"position\":1,\"name\":\"Home\",\"item\":\"https:\/\/www.papmall.com\/hk\/\"},{\"@type\":\"ListItem\",\"position\":2,\"name\":\"Shop\",\"item\":\"https:\/\/www.papmall.com\/shop\/\"},{\"@type\":\"ListItem\",\"position\":3,\"name\":\"C\u1eebu B\u00f4ng\"}]},{\"@type\":\"WebSite\",\"@id\":\"https:\/\/www.papmall.com\/hk\/#website\",\"url\":\"https:\/\/www.papmall.com\/hk\/\",\"name\":\"papmall\u00ae - International E-commerce Marketplace\",\"description\":\"International E-commerce Marketplace\",\"publisher\":{\"@id\":\"https:\/\/www.papmall.com\/hk\/#organization\"},\"alternateName\":\"papmall\u00ae\",\"potentialAction\":[{\"@type\":\"SearchAction\",\"target\":{\"@type\":\"EntryPoint\",\"urlTemplate\":\"https:\/\/www.papmall.com\/hk\/?s={search_term_string}\"},\"query-input\":\"required name=search_term_string\"}],\"inLanguage\":\"en-HK\"},{\"@type\":\"Organization\",\"@id\":\"https:\/\/www.papmall.com\/hk\/#organization\",\"name\":\"papmall\u00ae\",\"url\":\"https:\/\/www.papmall.com\/hk\/\",\"logo\":{\"@type\":\"ImageObject\",\"inLanguage\":\"en-HK\",\"@id\":\"https:\/\/www.papmall.com\/hk\/#\/schema\/logo\/image\/\",\"url\":\"https:\/\/www.papmall.com\/wp-content\/uploads\/2023\/04\/Logo-Papmall-1.png\",\"contentUrl\":\"https:\/\/www.papmall.com\/wp-content\/uploads\/2023\/04\/Logo-Papmall-1.png\",\"width\":186,\"height\":40,\"caption\":\"papmall\u00ae\"},\"image\":{\"@id\":\"https:\/\/www.papmall.com\/hk\/#\/schema\/logo\/image\/\"},\"sameAs\":[\"https:\/\/www.facebook.com\/PAPMALLofficial\/\",\"https:\/\/twitter.com\/papmall\",\"https:\/\/www.instagram.com\/papmall_official\/\",\"https:\/\/www.youtube.com\/channel\/UCqyI6vKzedlx5uCTxe-qGqA\",\"https:\/\/www.linkedin.com\/company\/74166652\/admin\/\",\"https:\/\/www.tiktok.com\/@papmall_company\"]}]}<\/script>\n<!-- \/ Yoast SEO Premium plugin. -->","yoast_head_json":{"title":"C\u1eebu B\u00f4ng - papmall\u00ae - International E-commerce Marketplace","robots":{"index":"index","follow":"follow","max-snippet":"max-snippet:-1","max-image-preview":"max-image-preview:large","max-video-preview":"max-video-preview:-1"},"canonical":"https:\/\/www.papmall.com\/hk\/shop\/goods\/home-living\/cuu-bong\/","og_locale":"en_US","og_type":"article","og_title":"C\u1eebu B\u00f4ng","og_url":"https:\/\/www.papmall.com\/hk\/shop\/goods\/home-living\/cuu-bong\/","og_site_name":"papmall\u00ae - International E-commerce Marketplace","article_publisher":"https:\/\/www.facebook.com\/PAPMALLofficial\/","twitter_card":"summary_large_image","twitter_site":"@papmall","twitter_misc":{"Est. reading time":"3 minutes"},"schema":{"@context":"https:\/\/schema.org","@graph":[{"@type":"WebPage","@id":"https:\/\/www.papmall.com\/hk\/shop\/goods\/home-living\/cuu-bong\/","url":"https:\/\/www.papmall.com\/hk\/shop\/goods\/home-living\/cuu-bong\/","name":"C\u1eebu B\u00f4ng - papmall\u00ae - International E-commerce Marketplace","isPartOf":{"@id":"https:\/\/www.papmall.com\/hk\/#website"},"datePublished":"2023-09-15T07:36:20+00:00","dateModified":"2023-09-15T07:36:20+00:00","breadcrumb":{"@id":"https:\/\/www.papmall.com\/hk\/shop\/goods\/home-living\/cuu-bong\/#breadcrumb"},"inLanguage":"en-HK","potentialAction":[{"@type":"ReadAction","target":["https:\/\/www.papmall.com\/hk\/shop\/goods\/home-living\/cuu-bong\/"]}]},{"@type":"BreadcrumbList","@id":"https:\/\/www.papmall.com\/hk\/shop\/goods\/home-living\/cuu-bong\/#breadcrumb","itemListElement":[{"@type":"ListItem","position":1,"name":"Home","item":"https:\/\/www.papmall.com\/hk\/"},{"@type":"ListItem","position":2,"name":"Shop","item":"https:\/\/www.papmall.com\/shop\/"},{"@type":"ListItem","position":3,"name":"C\u1eebu B\u00f4ng"}]},{"@type":"WebSite","@id":"https:\/\/www.papmall.com\/hk\/#website","url":"https:\/\/www.papmall.com\/hk\/","name":"papmall\u00ae - International E-commerce Marketplace","description":"International E-commerce Marketplace","publisher":{"@id":"https:\/\/www.papmall.com\/hk\/#organization"},"alternateName":"papmall\u00ae","potentialAction":[{"@type":"SearchAction","target":{"@type":"EntryPoint","urlTemplate":"https:\/\/www.papmall.com\/hk\/?s={search_term_string}"},"query-input":"required name=search_term_string"}],"inLanguage":"en-HK"},{"@type":"Organization","@id":"https:\/\/www.papmall.com\/hk\/#organization","name":"papmall\u00ae","url":"https:\/\/www.papmall.com\/hk\/","logo":{"@type":"ImageObject","inLanguage":"en-HK","@id":"https:\/\/www.papmall.com\/hk\/#\/schema\/logo\/image\/","url":"https:\/\/www.papmall.com\/wp-content\/uploads\/2023\/04\/Logo-Papmall-1.png","contentUrl":"https:\/\/www.papmall.com\/wp-content\/uploads\/2023\/04\/Logo-Papmall-1.png","width":186,"height":40,"caption":"papmall\u00ae"},"image":{"@id":"https:\/\/www.papmall.com\/hk\/#\/schema\/logo\/image\/"},"sameAs":["https:\/\/www.facebook.com\/PAPMALLofficial\/","https:\/\/twitter.com\/papmall","https:\/\/www.instagram.com\/papmall_official\/","https:\/\/www.youtube.com\/channel\/UCqyI6vKzedlx5uCTxe-qGqA","https:\/\/www.linkedin.com\/company\/74166652\/admin\/","https:\/\/www.tiktok.com\/@papmall_company"]}]}},"_links":{"self":[{"href":"https:\/\/www.papmall.com\/hk\/wp-json\/wp\/v2\/product\/63006"}],"collection":[{"href":"https:\/\/www.papmall.com\/hk\/wp-json\/wp\/v2\/product"}],"about":[{"href":"https:\/\/www.papmall.com\/hk\/wp-json\/wp\/v2\/types\/product"}],"replies":[{"embeddable":true,"href":"https:\/\/www.papmall.com\/hk\/wp-json\/wp\/v2\/comments?post=63006"}],"version-history":[{"count":0,"href":"https:\/\/www.papmall.com\/hk\/wp-json\/wp\/v2\/product\/63006\/revisions"}],"wp:featuredmedia":[{"embeddable":true,"href":"https:\/\/www.papmall.com\/hk\/wp-json\/wp\/v2\/media\/62710"}],"wp:attachment":[{"href":"https:\/\/www.papmall.com\/hk\/wp-json\/wp\/v2\/media?parent=63006"}],"wp:term":[{"taxonomy":"product_cat","embeddable":true,"href":"https:\/\/www.papmall.com\/hk\/wp-json\/wp\/v2\/product_cat?post=63006"},{"taxonomy":"product_tag","embeddable":true,"href":"https:\/\/www.papmall.com\/hk\/wp-json\/wp\/v2\/product_tag?post=63006"}],"curies":[{"name":"wp","href":"https:\/\/api.w.org\/{rel}","templated":true}]}}